{"id":767,"date":"2025-11-21T13:43:09","date_gmt":"2025-11-21T13:43:09","guid":{"rendered":"https:\/\/g9.lt\/juodojo-penktadienio-nuolaidos\/"},"modified":"2025-11-21T13:45:09","modified_gmt":"2025-11-21T13:45:09","slug":"juodojo-penktadienio-nuolaidos","status":"publish","type":"page","link":"https:\/\/g9.lt\/en\/juodojo-penktadienio-nuolaidos\/","title":{"rendered":"Juodojo penktadienio nuolaidos"},"content":{"rendered":"\n<p class=\"has-medium-font-size\">Juodasis nuolaid\u0173 savaitgalis jau lapkri\u010dio 28-30 d. PC G9! Parduotuv\u0117s, restoranai ir kitos paslaugos kvie\u010dia pasinaudoti i\u0161skirtiniais pasi\u016blymais tik \u0161iomis dienomis.  <\/p>\n\n<p class=\"has-medium-font-size\">Nedvejok, pasiduok emocijai ir leisk sau visk\u0105!<\/p>\n\n<p class=\"has-medium-font-size\">Lauksime atvykstant Gedimino pr. 9, PC G9 Vilnius. <\/p>\n\n<p><strong>PARDUOTUV\u0116S<\/strong><\/p>\n\n<p><strong>BOTTLERY<\/strong><br\/>11.28-11.30<br\/>-20% pyragams ir \u201eMighty Brew\u201c putojan\u010diai arbatai<\/p>\n\n<p><strong>CANDY POP<\/strong><br\/>11.25-11.30<br\/>iki -50% \u201eviral\u201c produktams<\/p>\n\n<p><strong>COS<\/strong><br\/>11.17-11.30<br\/>-20% atrinktoms prek\u0117ms<\/p>\n\n<p><strong>FLEUR LINGERIE<\/strong><br\/>11.28-11.30<br\/>-20% visai \u0161ilko ir ka\u0161myro kolekcijai<\/p>\n\n<p><strong>GG Unique<\/strong><br\/>11.28-11.30<br\/>-15% visiems papuo\u0161alams<\/p>\n\n<p><strong>H&amp;M<\/strong><\/p>\n\n<p><strong>11.26-11.29<\/strong><br\/>-20% apsiperkant u\u017e 35 Eur ir -25% apsiperkant u\u017e 100 Eur<br\/>Pasi\u016blymas taikomas klientams, u\u017esiregistravus H&amp;M program\u0117l\u0117je.<\/p>\n\n<p><strong>INDIGO G\u0116L\u0116S<\/strong><br\/>11.28-11.30<br\/>\u017diemi\u0161k\u0173 g\u0117li\u0173 puok\u0161t\u0117 skirta pasipuo\u0161ti namus u\u017e 15 eur\u0173!<\/p>\n\n<p><strong>JNBY<\/strong><br\/>11.28-11.30<br\/>-20% visoms prek\u0117ms<\/p>\n\n<p><strong>LIDL<\/strong><br\/>11.28-11.30<br\/>-20% \u201eParkside\u201c prek\u0117ms (nuolaidos nesumuojamos)<\/p>\n\n<p><strong>LIVIN<\/strong><br\/>11.28-12.01<br\/>-40% atrinktiems gro\u017eio, sveikatos, maisto ir nam\u0173 \u0161varos produktams<br\/>Nuolaidos nesumuojamos, preki\u0173 kiekis ribotas. UAB Bio Sala administracijos atrinktam preki\u0173 s\u0105ra\u0161ui. <\/p>\n\n<p><strong>LOCALS.LT<\/strong><br\/>11.28-11.30<br\/>-15% visiems drabu\u017eiams, o visiems megztiniams -20%.<\/p>\n\n<p><strong>META<\/strong><br\/>11.28-11.30<br\/>-70% VISKAM gr\u012f\u017eta \u012f lojalumo kortel\u0119<\/p>\n\n<p><strong>SKONIS ir KVAPAS<\/strong><br\/>11.28-11.30<br\/>Iki -30% pa\u017eym\u0117toms prek\u0117ms<\/p>\n\n<p><strong>THE BODY SHOP<\/strong><br\/>11.25-11.30<br\/>-40% pa\u017eym\u0117toms pozicijoms<\/p>\n\n<p>11.28<br\/>-25% viskam* IR -40% pa\u017eym\u0117toms prek\u0117ms<br\/>Nuolaidos netaikomos advento kalendoriams ir pakavimo priemon\u0117ms.<\/p>\n\n<p><strong>UTENOS TRIKOTA\u017dAS<\/strong><br\/>11.26-11.30<br\/>-25% papildoma nuolaida viskam<\/p>\n\n<p><strong>VITRINA PRO<\/strong><br\/>11.27-11.30<br\/>visoms prek\u0117ms nuo -20% iki -50% su BUZZ kortele<\/p>\n\n<p><strong>PASLAUGOS<\/strong><\/p>\n\n<p><strong>A&amp;A SIUVIMO ATELJ\u0116<\/strong><\/p>\n\n<p>11.28-11.29<\/p>\n\n<p>-10% sijon\u0173 atlenkimams<\/p>\n\n<p><strong>BEAUTY NAIL<\/strong><\/p>\n\n<p>11.28-11.30<\/p>\n\n<p>-20% visoms SPA proced\u016broms<\/p>\n\n<p><strong>EXCHANGE LT<\/strong><\/p>\n\n<p>11.24-11.28<\/p>\n\n<p>-100% nuolaida komisiniam mokes\u010diui<\/p>\n\n<p><strong>GYM PLIUS<\/strong><\/p>\n\n<p>11.28-30<\/p>\n\n<p>-40% Gym+ naryst\u0117ms perkant G9 Gym+ padalinyje<\/p>\n\n<p><strong>JOGL\u0116<\/strong><\/p>\n\n<p>11.28<\/p>\n\n<p>-25% valymo paslaugoms<\/p>\n\n<p>Nuolaidos suteikiamos tik priduodant gaminius. Nuolaidos nesumuojamos. Nuolaida negalioja kilim\u0173, v\u0117\u017eim\u0117li\u0173, avalyn\u0117s, rankini\u0173, lagamin\u0173 valymui  <\/p>\n\n<p><strong>LUXURA GOLD SOLIARIUMAI<\/strong><\/p>\n\n<p>11.28-01.06<\/p>\n\n<p>-30% visoms prek\u0117ms<\/p>\n\n<p><strong>VILNIUS CITY BARBERSHOP<\/strong><\/p>\n\n<p>-20% pirmam vizitui<\/p>\n\n<p><strong>RESTORANAI\/KAVIN\u0116S<\/strong><\/p>\n\n<p><strong>ASIA VIET<\/strong><\/p>\n\n<p>11.28-11.30<\/p>\n\n<p>Tra\u0161ki vi\u0161tiena Vy\u0161nia + sriuba su vi\u0161tiena ir baltaisiais grybais + \u201eCappy\u201c sultys 330ml &#8211; tik 15,60 Eur (30% nuolaida rinkiniui)<\/p>\n\n<p><strong>CAFFEINE<\/strong><\/p>\n\n<p>11.30<\/p>\n\n<p>Perkant kav\u0105\/kakav\u0105 -20% sausainiui<\/p>\n\n<p><strong>CARRE<\/strong><\/p>\n\n<p>11.28-11.29<\/p>\n\n<p>-20% visiems desertams<\/p>\n\n<p><strong>FORMOSA<\/strong><\/p>\n\n<p>11.28-11.29<\/p>\n\n<p>-20% \u201e3 Guys\u201c arbatai<\/p>\n\n<p><strong>GANBEI CITY<\/strong><\/p>\n\n<p>11.28-11.30<\/p>\n\n<p>-20% sriuboms<\/p>\n\n<p><strong>IT&#8217;S CORNODG<\/strong><\/p>\n\n<p>11.28-11.31<\/p>\n\n<p>Perkant maist\u0105, \u201eCoca-cola\u201c tik 1 Eur<\/p>\n\n<p><strong>YALDA PIZZA<\/strong><\/p>\n\n<p>11.26-11.29<\/p>\n\n<p>-10% visam meniu<\/p>\n\n<p><strong>YALDA RESTAURANT<\/strong><\/p>\n\n<p>11.26-11.29<\/p>\n\n<p>-10% visam meniu<\/p>\n\n<p><strong>LA EMPANADA<\/strong><\/p>\n\n<p>11.28<\/p>\n\n<p>Perkant 2 empanadas, gauni vien\u0105 g\u0117rim\u0105 nemokamai<\/p>\n\n<p><strong>PLUS PLUS PLUS<\/strong><\/p>\n\n<p>11.28-11.30<\/p>\n\n<p>-20% vi\u0161tienos burgeriui (be komplekso)<\/p>\n\n<p><strong>TAPA CHULA MEXICAN<\/strong><\/p>\n\n<p>11.28-11.30<\/p>\n\n<p>Perkant 3 takus, burit\u0105 ar kesadilij\u0105, gauni stiklin\u0119 gaivinan\u010dio g\u0117rimo<\/p>\n\n<p><\/p>\n","protected":false},"excerpt":{"rendered":"<p>Juodasis nuolaid\u0173 savaitgalis jau lapkri\u010dio 28-30 d. PC G9! Parduotuv\u0117s, restoranai ir kitos paslaugos kvie\u010dia pasinaudoti i\u0161skirtiniais pasi\u016blymais tik \u0161iomis dienomis. Nedvejok, pasiduok emocijai ir leisk sau visk\u0105! Lauksime atvykstant Gedimino pr. 9, PC G9 Vilnius. PARDUOTUV\u0116S BOTTLERY11.28-11.30-20% pyragams ir \u201eMighty Brew\u201c putojan\u010diai arbatai CANDY POP11.25-11.30iki -50% \u201eviral\u201c produktams COS11.17-11.30-20% atrinktoms prek\u0117ms FLEUR LINGERIE11.28-11.30-20% visai [&hellip;]<\/p>\n","protected":false},"author":2,"featured_media":0,"parent":0,"menu_order":0,"comment_status":"closed","ping_status":"closed","template":"","meta":{"footnotes":""},"class_list":["post-767","page","type-page","status-publish","hentry"],"_links":{"self":[{"href":"https:\/\/g9.lt\/en\/wp-json\/wp\/v2\/pages\/767","targetHints":{"allow":["GET"]}}],"collection":[{"href":"https:\/\/g9.lt\/en\/wp-json\/wp\/v2\/pages"}],"about":[{"href":"https:\/\/g9.lt\/en\/wp-json\/wp\/v2\/types\/page"}],"author":[{"embeddable":true,"href":"https:\/\/g9.lt\/en\/wp-json\/wp\/v2\/users\/2"}],"replies":[{"embeddable":true,"href":"https:\/\/g9.lt\/en\/wp-json\/wp\/v2\/comments?post=767"}],"version-history":[{"count":1,"href":"https:\/\/g9.lt\/en\/wp-json\/wp\/v2\/pages\/767\/revisions"}],"predecessor-version":[{"id":768,"href":"https:\/\/g9.lt\/en\/wp-json\/wp\/v2\/pages\/767\/revisions\/768"}],"wp:attachment":[{"href":"https:\/\/g9.lt\/en\/wp-json\/wp\/v2\/media?parent=767"}],"curies":[{"name":"wp","href":"https:\/\/api.w.org\/{rel}","templated":true}]}}