{"id":622,"date":"2025-01-24T09:43:42","date_gmt":"2025-01-24T09:43:42","guid":{"rendered":"https:\/\/g9.lt\/partners\/"},"modified":"2025-04-11T07:26:13","modified_gmt":"2025-04-11T07:26:13","slug":"partners","status":"publish","type":"page","link":"https:\/\/g9.lt\/en\/partners\/","title":{"rendered":"Partners"},"content":{"rendered":"\n<p class=\"has-text-align-left\"><strong>Regarding advertising and premises rental in the shopping center<\/strong> kreiptis el. p. info@g9.lt<\/p>\n\n<p>Reklamini\u0173 pozicij\u0173 <strong><a href=\"https:\/\/g9.lt\/wp-content\/uploads\/2025\/03\/Reklamos-ikainiai-PC-G9.pdf\" target=\"_blank\" rel=\"noreferrer noopener\">\u012fkainiai \u010dia<\/a><\/strong><\/p>\n\n<p>Patalp\u0173 nuomos anket\u0105<strong> <a href=\"https:\/\/g9.lt\/wp-content\/uploads\/2025\/03\/Nuomos-anketa-G9.doc\">rasite \u010dia<\/a><\/strong><\/p>\n\n<p><\/p>\n","protected":false},"excerpt":{"rendered":"<p>Regarding advertising and premises rental in the shopping center kreiptis el. p. info@g9.lt Reklamini\u0173 pozicij\u0173 \u012fkainiai \u010dia Patalp\u0173 nuomos anket\u0105 rasite \u010dia<\/p>\n","protected":false},"author":2,"featured_media":0,"parent":0,"menu_order":0,"comment_status":"closed","ping_status":"closed","template":"","meta":{"footnotes":""},"class_list":["post-622","page","type-page","status-publish","hentry"],"_links":{"self":[{"href":"https:\/\/g9.lt\/en\/wp-json\/wp\/v2\/pages\/622","targetHints":{"allow":["GET"]}}],"collection":[{"href":"https:\/\/g9.lt\/en\/wp-json\/wp\/v2\/pages"}],"about":[{"href":"https:\/\/g9.lt\/en\/wp-json\/wp\/v2\/types\/page"}],"author":[{"embeddable":true,"href":"https:\/\/g9.lt\/en\/wp-json\/wp\/v2\/users\/2"}],"replies":[{"embeddable":true,"href":"https:\/\/g9.lt\/en\/wp-json\/wp\/v2\/comments?post=622"}],"version-history":[{"count":1,"href":"https:\/\/g9.lt\/en\/wp-json\/wp\/v2\/pages\/622\/revisions"}],"predecessor-version":[{"id":623,"href":"https:\/\/g9.lt\/en\/wp-json\/wp\/v2\/pages\/622\/revisions\/623"}],"wp:attachment":[{"href":"https:\/\/g9.lt\/en\/wp-json\/wp\/v2\/media?parent=622"}],"curies":[{"name":"wp","href":"https:\/\/api.w.org\/{rel}","templated":true}]}}